{"id":91,"date":"2013-08-11T19:06:15","date_gmt":"2013-08-11T16:06:15","guid":{"rendered":"http:\/\/localhost:8888\/test\/?page_id=520"},"modified":"2020-04-02T13:22:36","modified_gmt":"2020-04-02T10:22:36","slug":"hakkimizda","status":"publish","type":"page","link":"https:\/\/coffeevenga.com\/en\/hakkimizda\/","title":{"rendered":"Hakk\u0131m\u0131zda"},"content":{"rendered":"\r\n\n  <div class=\"banner has-hover has-parallax\" id=\"banner-236376180\">\n          <div class=\"banner-inner fill\">\n        <div class=\"banner-bg fill\" data-parallax=\"-3\" data-parallax-container=\".banner\" data-parallax-background>\n            <div class=\"bg fill bg-fill \"><\/div>\n                        <div class=\"overlay\"><\/div>            \n                    <\/div><!-- bg-layers -->\n        <div class=\"banner-layers container\">\n            <div class=\"fill banner-link\"><\/div>                <div id=\"text-box-422923411\" class=\"text-box banner-layer x50 md-x50 lg-x50 y80 md-y80 lg-y80 res-text\">\n                                <div class=\"text dark\">\n              \n              <div class=\"text-inner text-center\">\n                  \r\n<h1 class=\"lead\">Hakk\u0131m\u0131zda<\/h1>\r\n<p class=\"lead\">\u00a0<\/p>\r\n              <\/div>\n           <\/div><!-- text-box-inner -->\n                            \n<style scope=\"scope\">\n\n#text-box-422923411 {\n  width: 60%;\n}\n#text-box-422923411 .text {\n  font-size: 100%;\n}\n<\/style>\n    <\/div><!-- text-box -->\n          <\/div><!-- .banner-layers -->\n      <\/div><!-- .banner-inner -->\n\n            \n<style scope=\"scope\">\n\n#banner-236376180 {\n  padding-top: 507px;\n}\n#banner-236376180 .bg.bg-loaded {\n  background-image: url(https:\/\/i0.wp.com\/coffeevenga.com\/wp-content\/uploads\/2019\/01\/coffee-beans.jpg.838x0_q67_crop-smart.jpg?fit=838%2C559&ssl=1);\n}\n#banner-236376180 .overlay {\n  background-color: rgba(0, 0, 0, 0.49);\n}\n<\/style>\n  <\/div><!-- .banner -->\n\n <div class=\"row\"  id=\"row-975099155\"> <div class=\"col small-12 large-12\"  ><div class=\"col-inner\"  >\r\n<p style=\"text-align: center;\">Coffee Venga hikayesi 2017 y\u0131l\u0131nda Balat\u2019ta farkl\u0131 sekt\u00f6rlerden 2 ki\u015finin kahveye olan alakalar\u0131n\u0131n, ticari bir organizasyona d\u00f6nmesiyle ba\u015flar. Kahve kavurma at\u00f6lyesinde do\u011fan firma i\u015fin mutfa\u011f\u0131ndan gelmeyi , hep en yeniyi ara\u015ft\u0131rmay\u0131, bulmay\u0131 dert edinir. \u0130yi kahve deneyiminin do\u011fru kahveden ge\u00e7ti\u011fini farkeden firmam\u0131z, do\u011fru de\u011fi\u015fkenleri-iyi tatlarla bulu\u015fturmaya \u00e7al\u0131\u015f\u0131r.<\/p>\r\n<p style=\"text-align: center;\"><strong>DO\u011eRU KAHVEDE \u0130NAT\u00c7IYIZ<\/strong> slogan\u0131yla Coffee Venga patentli bir marka haline gelmi\u015ftir.<\/p>\r\n<p style=\"text-align: center;\">Coffee Venga s\u00fcrekli b\u00fcy\u00fcyen kahve sekt\u00f6r\u00fcnde hem i\u015fletme bazl\u0131 hem de toptan kahve da\u011f\u0131t\u0131m\u0131 alanlar\u0131nda s\u00fcrekli b\u00fcy\u00fcmeyi hedeflemektedir.\u00a0\u00dclkemizde artan nitelikli kahve pazar\u0131n\u0131n ara\u015ft\u0131ran,bulan ve sunan taraf\u0131nda olmaya \u00e7al\u0131\u015facakt\u0131r.<\/p>\r\n<p style=\"text-align: center;\">Coffee Venga markas\u0131n\u0131n logosu olan ke\u00e7i, kahvenin bulunu\u015funa dair mitolojik bir \u00f6yk\u00fcden esinlenilerek haz\u0131rlanm\u0131\u015ft\u0131r.<br \/>Bir efsaneye g\u00f6re 9. y\u00fczy\u0131lda Kaldi adl\u0131 bir ke\u00e7i \u00e7oban\u0131 garip bir a\u011fac\u0131n meyvelerini yiyen ke\u00e7ilerini g\u00f6rd\u00fc ve t\u00fcm gece nas\u0131l uyan\u0131k kald\u0131klar\u0131n\u0131 ve enerji dolu olduklar\u0131n\u0131 g\u00f6rd\u00fc.<br \/>\u00c7oban bir grup ke\u015fi\u015fe haber verdi ve ke\u015fi\u015fler bu meyveden, kendilerini ibadet s\u0131ras\u0131nda uyan\u0131k tutacak s\u0131cak bir i\u00e7ecek yapabileceklerini g\u00f6rd\u00fcler.<\/p>\r\n<p style=\"text-align: center;\"><strong>Merkez &#8211; Sancaktepe \u015eube:<\/strong> Abdurrahmangazi Mahallesi, Ravza Cd. No:3, D:1A, 34887 Sancaktepe \u2013 \u0130stanbul<\/p>\r\n<p style=\"text-align: center;\"><strong>\u015eube &#8211; B\u00fcdotek Venga :<\/strong> Bo\u011fazi\u00e7i \u00dcniversitesi Dudullu OSB Teknopark Dudullu OSB DES, 1. Cd No 4, 34776 \u00dcmraniye &#8211; \u0130stanbul<\/p>\r\n<div class=\"text-center\"><div class=\"is-divider divider clearfix\" ><\/div><\/div><!-- .divider --> <\/div><\/div> <\/div>\r\n","protected":false},"excerpt":{"rendered":"","protected":false},"author":1,"featured_media":13,"parent":0,"menu_order":0,"comment_status":"closed","ping_status":"closed","template":"page-transparent-header-light.php","meta":{"footnotes":""},"class_list":["post-91","page","type-page","status-publish","has-post-thumbnail","hentry"],"translation":{"provider":"WPGlobus","version":"2.8.11","language":"en","enabled_languages":["tr","en"],"languages":{"tr":{"title":true,"content":true,"excerpt":false},"en":{"title":false,"content":false,"excerpt":false}}},"yoast_head":"<!-- This site is optimized with the Yoast SEO plugin v27.4 - https:\/\/yoast.com\/product\/yoast-seo-wordpress\/ -->\n<title>Coffee Venga - Hakk\u0131m\u0131zda<\/title>\n<meta name=\"robots\" content=\"index, follow, max-snippet:-1, max-image-preview:large, max-video-preview:-1\" \/>\n<link rel=\"canonical\" href=\"https:\/\/coffeevenga.com\/hakkimizda\/\" \/>\n<meta property=\"og:locale\" content=\"en_US\" \/>\n<meta property=\"og:type\" content=\"article\" \/>\n<meta property=\"og:title\" content=\"Coffee Venga - Hakk\u0131m\u0131zda\" \/>\n<meta property=\"og:url\" content=\"https:\/\/coffeevenga.com\/hakkimizda\/\" \/>\n<meta property=\"og:site_name\" content=\"Coffee Venga\" \/>\n<meta property=\"article:publisher\" content=\"https:\/\/www.facebook.com\/coffeevenga\" \/>\n<meta property=\"article:modified_time\" content=\"2020-04-02T10:22:36+00:00\" \/>\n<meta property=\"og:image\" content=\"https:\/\/i0.wp.com\/coffeevenga.com\/wp-content\/uploads\/2016\/08\/dummy-1.jpg?fit=400%2C260&ssl=1\" \/>\n\t<meta property=\"og:image:width\" content=\"400\" \/>\n\t<meta property=\"og:image:height\" content=\"260\" \/>\n\t<meta property=\"og:image:type\" content=\"image\/jpeg\" \/>\n<meta name=\"twitter:card\" content=\"summary_large_image\" \/>\n<meta name=\"twitter:site\" content=\"@coffeevenga\" \/>\n<meta name=\"twitter:label1\" content=\"Est. reading time\" \/>\n\t<meta name=\"twitter:data1\" content=\"1 minute\" \/>\n<script type=\"application\/ld+json\" class=\"yoast-schema-graph\">{\"@context\":\"https:\\\/\\\/schema.org\",\"@graph\":[{\"@type\":\"WebPage\",\"@id\":\"https:\\\/\\\/coffeevenga.com\\\/hakkimizda\\\/\",\"url\":\"https:\\\/\\\/coffeevenga.com\\\/hakkimizda\\\/\",\"name\":\"Coffee Venga - Hakk\u0131m\u0131zda\",\"isPartOf\":{\"@id\":\"https:\\\/\\\/coffeevenga.com\\\/#website\"},\"primaryImageOfPage\":{\"@id\":\"https:\\\/\\\/coffeevenga.com\\\/hakkimizda\\\/#primaryimage\"},\"image\":{\"@id\":\"https:\\\/\\\/coffeevenga.com\\\/hakkimizda\\\/#primaryimage\"},\"thumbnailUrl\":\"https:\\\/\\\/i0.wp.com\\\/coffeevenga.com\\\/wp-content\\\/uploads\\\/2016\\\/08\\\/dummy-1.jpg?fit=400%2C260&ssl=1\",\"datePublished\":\"2013-08-11T16:06:15+00:00\",\"dateModified\":\"2020-04-02T10:22:36+00:00\",\"description\":\"Coffee Venga s\u00fcrekli b\u00fcy\u00fcyen kahve sekt\u00f6r\u00fcnde hem i\u015fletme bazl\u0131 hem de toptan kahve da\u011f\u0131t\u0131m\u0131 alanlar\u0131nda s\u00fcrekli b\u00fcy\u00fcmeyi hedeflemektedir.\u00a0\",\"breadcrumb\":{\"@id\":\"https:\\\/\\\/coffeevenga.com\\\/hakkimizda\\\/#breadcrumb\"},\"inLanguage\":\"en-US\",\"potentialAction\":[{\"@type\":\"ReadAction\",\"target\":[\"https:\\\/\\\/coffeevenga.com\\\/hakkimizda\\\/\"]}]},{\"@type\":\"ImageObject\",\"inLanguage\":\"en-US\",\"@id\":\"https:\\\/\\\/coffeevenga.com\\\/hakkimizda\\\/#primaryimage\",\"url\":\"https:\\\/\\\/i0.wp.com\\\/coffeevenga.com\\\/wp-content\\\/uploads\\\/2016\\\/08\\\/dummy-1.jpg?fit=400%2C260&ssl=1\",\"contentUrl\":\"https:\\\/\\\/i0.wp.com\\\/coffeevenga.com\\\/wp-content\\\/uploads\\\/2016\\\/08\\\/dummy-1.jpg?fit=400%2C260&ssl=1\",\"width\":400,\"height\":260},{\"@type\":\"BreadcrumbList\",\"@id\":\"https:\\\/\\\/coffeevenga.com\\\/hakkimizda\\\/#breadcrumb\",\"itemListElement\":[{\"@type\":\"ListItem\",\"position\":1,\"name\":\"Ana sayfa\",\"item\":\"https:\\\/\\\/coffeevenga.com\\\/\"},{\"@type\":\"ListItem\",\"position\":2,\"name\":\"Hakk\u0131m\u0131zda\"}]},{\"@type\":\"WebSite\",\"@id\":\"https:\\\/\\\/coffeevenga.com\\\/#website\",\"url\":\"https:\\\/\\\/coffeevenga.com\\\/\",\"name\":\"Coffee Venga\",\"description\":\"Coffee Venga\",\"publisher\":{\"@id\":\"https:\\\/\\\/coffeevenga.com\\\/#organization\"},\"potentialAction\":[{\"@type\":\"SearchAction\",\"target\":{\"@type\":\"EntryPoint\",\"urlTemplate\":\"https:\\\/\\\/coffeevenga.com\\\/?s={search_term_string}\"},\"query-input\":{\"@type\":\"PropertyValueSpecification\",\"valueRequired\":true,\"valueName\":\"search_term_string\"}}],\"inLanguage\":\"en-US\"},{\"@type\":\"Organization\",\"@id\":\"https:\\\/\\\/coffeevenga.com\\\/#organization\",\"name\":\"Coffee Venga\",\"url\":\"https:\\\/\\\/coffeevenga.com\\\/\",\"logo\":{\"@type\":\"ImageObject\",\"inLanguage\":\"en-US\",\"@id\":\"https:\\\/\\\/coffeevenga.com\\\/#\\\/schema\\\/logo\\\/image\\\/\",\"url\":\"https:\\\/\\\/i0.wp.com\\\/coffeevenga.com\\\/wp-content\\\/uploads\\\/2021\\\/01\\\/VENGA-LOGO2.png?fit=1251%2C430&ssl=1\",\"contentUrl\":\"https:\\\/\\\/i0.wp.com\\\/coffeevenga.com\\\/wp-content\\\/uploads\\\/2021\\\/01\\\/VENGA-LOGO2.png?fit=1251%2C430&ssl=1\",\"width\":1251,\"height\":430,\"caption\":\"Coffee Venga\"},\"image\":{\"@id\":\"https:\\\/\\\/coffeevenga.com\\\/#\\\/schema\\\/logo\\\/image\\\/\"},\"sameAs\":[\"https:\\\/\\\/www.facebook.com\\\/coffeevenga\",\"https:\\\/\\\/x.com\\\/coffeevenga\",\"https:\\\/\\\/www.instagram.com\\\/coffeevenga\\\/\"]}]}<\/script>\n<!-- \/ Yoast SEO plugin. -->","yoast_head_json":{"title":"Coffee Venga - Hakk\u0131m\u0131zda","robots":{"index":"index","follow":"follow","max-snippet":"max-snippet:-1","max-image-preview":"max-image-preview:large","max-video-preview":"max-video-preview:-1"},"canonical":"https:\/\/coffeevenga.com\/hakkimizda\/","og_locale":"en_US","og_type":"article","og_title":"Coffee Venga - Hakk\u0131m\u0131zda","og_url":"https:\/\/coffeevenga.com\/hakkimizda\/","og_site_name":"Coffee Venga","article_publisher":"https:\/\/www.facebook.com\/coffeevenga","article_modified_time":"2020-04-02T10:22:36+00:00","og_image":[{"width":400,"height":260,"url":"https:\/\/i0.wp.com\/coffeevenga.com\/wp-content\/uploads\/2016\/08\/dummy-1.jpg?fit=400%2C260&ssl=1","type":"image\/jpeg"}],"twitter_card":"summary_large_image","twitter_site":"@coffeevenga","twitter_misc":{"Est. reading time":"1 minute"},"schema":{"@context":"https:\/\/schema.org","@graph":[{"@type":"WebPage","@id":"https:\/\/coffeevenga.com\/hakkimizda\/","url":"https:\/\/coffeevenga.com\/hakkimizda\/","name":"Coffee Venga - Hakk\u0131m\u0131zda","isPartOf":{"@id":"https:\/\/coffeevenga.com\/#website"},"primaryImageOfPage":{"@id":"https:\/\/coffeevenga.com\/hakkimizda\/#primaryimage"},"image":{"@id":"https:\/\/coffeevenga.com\/hakkimizda\/#primaryimage"},"thumbnailUrl":"https:\/\/i0.wp.com\/coffeevenga.com\/wp-content\/uploads\/2016\/08\/dummy-1.jpg?fit=400%2C260&ssl=1","datePublished":"2013-08-11T16:06:15+00:00","dateModified":"2020-04-02T10:22:36+00:00","description":"Coffee Venga s\u00fcrekli b\u00fcy\u00fcyen kahve sekt\u00f6r\u00fcnde hem i\u015fletme bazl\u0131 hem de toptan kahve da\u011f\u0131t\u0131m\u0131 alanlar\u0131nda s\u00fcrekli b\u00fcy\u00fcmeyi hedeflemektedir.\u00a0","breadcrumb":{"@id":"https:\/\/coffeevenga.com\/hakkimizda\/#breadcrumb"},"inLanguage":"en-US","potentialAction":[{"@type":"ReadAction","target":["https:\/\/coffeevenga.com\/hakkimizda\/"]}]},{"@type":"ImageObject","inLanguage":"en-US","@id":"https:\/\/coffeevenga.com\/hakkimizda\/#primaryimage","url":"https:\/\/i0.wp.com\/coffeevenga.com\/wp-content\/uploads\/2016\/08\/dummy-1.jpg?fit=400%2C260&ssl=1","contentUrl":"https:\/\/i0.wp.com\/coffeevenga.com\/wp-content\/uploads\/2016\/08\/dummy-1.jpg?fit=400%2C260&ssl=1","width":400,"height":260},{"@type":"BreadcrumbList","@id":"https:\/\/coffeevenga.com\/hakkimizda\/#breadcrumb","itemListElement":[{"@type":"ListItem","position":1,"name":"Ana sayfa","item":"https:\/\/coffeevenga.com\/"},{"@type":"ListItem","position":2,"name":"Hakk\u0131m\u0131zda"}]},{"@type":"WebSite","@id":"https:\/\/coffeevenga.com\/#website","url":"https:\/\/coffeevenga.com\/","name":"Coffee Venga","description":"Coffee Venga","publisher":{"@id":"https:\/\/coffeevenga.com\/#organization"},"potentialAction":[{"@type":"SearchAction","target":{"@type":"EntryPoint","urlTemplate":"https:\/\/coffeevenga.com\/?s={search_term_string}"},"query-input":{"@type":"PropertyValueSpecification","valueRequired":true,"valueName":"search_term_string"}}],"inLanguage":"en-US"},{"@type":"Organization","@id":"https:\/\/coffeevenga.com\/#organization","name":"Coffee Venga","url":"https:\/\/coffeevenga.com\/","logo":{"@type":"ImageObject","inLanguage":"en-US","@id":"https:\/\/coffeevenga.com\/#\/schema\/logo\/image\/","url":"https:\/\/i0.wp.com\/coffeevenga.com\/wp-content\/uploads\/2021\/01\/VENGA-LOGO2.png?fit=1251%2C430&ssl=1","contentUrl":"https:\/\/i0.wp.com\/coffeevenga.com\/wp-content\/uploads\/2021\/01\/VENGA-LOGO2.png?fit=1251%2C430&ssl=1","width":1251,"height":430,"caption":"Coffee Venga"},"image":{"@id":"https:\/\/coffeevenga.com\/#\/schema\/logo\/image\/"},"sameAs":["https:\/\/www.facebook.com\/coffeevenga","https:\/\/x.com\/coffeevenga","https:\/\/www.instagram.com\/coffeevenga\/"]}]}},"jetpack_sharing_enabled":true,"_links":{"self":[{"href":"https:\/\/coffeevenga.com\/en\/wp-json\/wp\/v2\/pages\/91","targetHints":{"allow":["GET"]}}],"collection":[{"href":"https:\/\/coffeevenga.com\/en\/wp-json\/wp\/v2\/pages"}],"about":[{"href":"https:\/\/coffeevenga.com\/en\/wp-json\/wp\/v2\/types\/page"}],"author":[{"embeddable":true,"href":"https:\/\/coffeevenga.com\/en\/wp-json\/wp\/v2\/users\/1"}],"replies":[{"embeddable":true,"href":"https:\/\/coffeevenga.com\/en\/wp-json\/wp\/v2\/comments?post=91"}],"version-history":[{"count":15,"href":"https:\/\/coffeevenga.com\/en\/wp-json\/wp\/v2\/pages\/91\/revisions"}],"predecessor-version":[{"id":786,"href":"https:\/\/coffeevenga.com\/en\/wp-json\/wp\/v2\/pages\/91\/revisions\/786"}],"wp:featuredmedia":[{"embeddable":true,"href":"https:\/\/coffeevenga.com\/en\/wp-json\/wp\/v2\/media\/13"}],"wp:attachment":[{"href":"https:\/\/coffeevenga.com\/en\/wp-json\/wp\/v2\/media?parent=91"}],"curies":[{"name":"wp","href":"https:\/\/api.w.org\/{rel}","templated":true}]}}