{"id":1060,"date":"2020-09-23T21:33:47","date_gmt":"2020-09-23T18:33:47","guid":{"rendered":"https:\/\/coffeevenga.com\/?post_type=product&#038;p=1060"},"modified":"2023-08-29T10:53:59","modified_gmt":"2023-08-29T07:53:59","slug":"filtre-kahve-kuba","status":"publish","type":"product","link":"https:\/\/coffeevenga.com\/en\/urun\/filtre-kahve-kuba\/","title":{"rendered":"Filtre Kahve &#8211; K\u00fcba"},"content":{"rendered":"<p>Region : Lavado<br \/>\nGrowing Altitude : 900-1250m<br \/>\nArabica Variety : Catuai<br \/>\nHarvest Period : February- May<br \/>\nMilling Process : Washed<br \/>\nAroma : Slightly sweetish, smokey<br \/>\nFlavor : Nutty chocolate and caramel notes<br \/>\nBody : Rich body<br \/>\nAcidity : Light<br \/>\nCupping Notes : Lingering aftertaste, medium strength with a Swiss cocoa finish.<\/p>\n<p>Ku\u0308ba kahvesi, tipik bir Karaib Denizi kahvesidir. U\u0308lkedeki Sierra Maestra dag\u0306lar\u0131 kahve c\u0327iftlikleri ic\u0327in ideal bir ortam sunmaktad\u0131r. Japonya ve Fransa bas\u0327l\u0131ca kahve ithal eden u\u0308lkelerdir. Bunun d\u0131s\u0327\u0131nda Almanya, I\u0307ngiltere, Kanada ve Yeni Zelanda da Ku\u0308ba kahvesine talep go\u0308steren u\u0308lkeler aras\u0131nda bulunmaktad\u0131r. Cuba Serrano Lavado, kal\u0131c\u0131 aftertaste i, Ku\u0308ba purolar\u0131n\u0131 and\u0131ran dumans\u0131 tad\u0131, f\u0131nd\u0131ks\u0131, c\u0327ikolata notalar\u0131yla o\u0308ne c\u0327\u0131kan o\u0308zel bir kahvedir.<\/p>\n","protected":false},"excerpt":{"rendered":"<p>Region : Lavado Growing Altitude : 900-1250m Arabica Variety : Catuai Harvest Period : February- May Milling Process : Washed Aroma : Slightly sweetish, smokey Flavor : Nutty chocolate and caramel notes Body : Rich body Acidity : Light Cupping Notes : Lingering aftertaste, medium strength with a Swiss cocoa finish. Ku\u0308ba kahvesi, tipik bir [&#8230;]\n","protected":false},"featured_media":1172,"template":"","meta":[],"product_brand":[],"product_cat":[86],"product_tag":[79,139],"class_list":{"0":"post-1060","1":"product","2":"type-product","3":"status-publish","4":"has-post-thumbnail","6":"product_cat-filtre-kahve","7":"product_tag-filtre-kahve","8":"product_tag-kuba","10":"first","11":"outofstock","12":"sale","13":"shipping-taxable","14":"purchasable","15":"product-type-variable"},"translation":{"provider":"WPGlobus","version":"2.8.11","language":"en","enabled_languages":["tr","en"],"languages":{"tr":{"title":true,"content":true,"excerpt":false},"en":{"title":false,"content":false,"excerpt":false}}},"yoast_head":"<!-- This site is optimized with the Yoast SEO plugin v27.5 - https:\/\/yoast.com\/product\/yoast-seo-wordpress\/ -->\n<title>Coffee Venga - Filtre Kahve - K\u00fcba<\/title>\n<meta name=\"robots\" content=\"index, follow, max-snippet:-1, max-image-preview:large, max-video-preview:-1\" \/>\n<link rel=\"canonical\" href=\"https:\/\/coffeevenga.com\/urun\/filtre-kahve-kuba\/\" \/>\n<meta property=\"og:locale\" content=\"en_US\" \/>\n<meta property=\"og:type\" content=\"article\" \/>\n<meta property=\"og:title\" content=\"Coffee Venga - Filtre Kahve - K\u00fcba\" \/>\n<meta property=\"og:url\" content=\"https:\/\/coffeevenga.com\/urun\/filtre-kahve-kuba\/\" \/>\n<meta property=\"og:site_name\" content=\"Coffee Venga\" \/>\n<meta property=\"article:publisher\" content=\"https:\/\/www.facebook.com\/coffeevenga\" \/>\n<meta property=\"article:modified_time\" content=\"2023-08-29T07:53:59+00:00\" \/>\n<meta property=\"og:image\" content=\"https:\/\/coffeevenga.com\/wp-content\/uploads\/2020\/09\/kuba.png\" \/>\n\t<meta property=\"og:image:width\" content=\"721\" \/>\n\t<meta property=\"og:image:height\" content=\"721\" \/>\n\t<meta property=\"og:image:type\" content=\"image\/png\" \/>\n<meta name=\"twitter:card\" content=\"summary_large_image\" \/>\n<meta name=\"twitter:site\" content=\"@coffeevenga\" \/>\n<meta name=\"twitter:label1\" content=\"Est. reading time\" \/>\n\t<meta name=\"twitter:data1\" content=\"1 minute\" \/>\n<script type=\"application\/ld+json\" class=\"yoast-schema-graph\">{\"@context\":\"https:\\\/\\\/schema.org\",\"@graph\":[{\"@type\":\"WebPage\",\"@id\":\"https:\\\/\\\/coffeevenga.com\\\/urun\\\/filtre-kahve-kuba\\\/\",\"url\":\"https:\\\/\\\/coffeevenga.com\\\/urun\\\/filtre-kahve-kuba\\\/\",\"name\":\"Coffee Venga - Filtre Kahve - K\u00fcba\",\"isPartOf\":{\"@id\":\"https:\\\/\\\/coffeevenga.com\\\/#website\"},\"primaryImageOfPage\":{\"@id\":\"https:\\\/\\\/coffeevenga.com\\\/urun\\\/filtre-kahve-kuba\\\/#primaryimage\"},\"image\":{\"@id\":\"https:\\\/\\\/coffeevenga.com\\\/urun\\\/filtre-kahve-kuba\\\/#primaryimage\"},\"thumbnailUrl\":\"https:\\\/\\\/i0.wp.com\\\/coffeevenga.com\\\/wp-content\\\/uploads\\\/2020\\\/09\\\/kuba.png?fit=721%2C721&ssl=1\",\"datePublished\":\"2020-09-23T18:33:47+00:00\",\"dateModified\":\"2023-08-29T07:53:59+00:00\",\"description\":\"Yeni nesil filtre kahve k\u00fcba topraklar\u0131ndan gelen m\u00fckemmel lezzet mutlaka deneyin.\",\"breadcrumb\":{\"@id\":\"https:\\\/\\\/coffeevenga.com\\\/urun\\\/filtre-kahve-kuba\\\/#breadcrumb\"},\"inLanguage\":\"en-US\",\"potentialAction\":[{\"@type\":\"ReadAction\",\"target\":[\"https:\\\/\\\/coffeevenga.com\\\/urun\\\/filtre-kahve-kuba\\\/\"]}]},{\"@type\":\"ImageObject\",\"inLanguage\":\"en-US\",\"@id\":\"https:\\\/\\\/coffeevenga.com\\\/urun\\\/filtre-kahve-kuba\\\/#primaryimage\",\"url\":\"https:\\\/\\\/i0.wp.com\\\/coffeevenga.com\\\/wp-content\\\/uploads\\\/2020\\\/09\\\/kuba.png?fit=721%2C721&ssl=1\",\"contentUrl\":\"https:\\\/\\\/i0.wp.com\\\/coffeevenga.com\\\/wp-content\\\/uploads\\\/2020\\\/09\\\/kuba.png?fit=721%2C721&ssl=1\",\"width\":721,\"height\":721,\"caption\":\"filtrekahve k\u00fcba\"},{\"@type\":\"BreadcrumbList\",\"@id\":\"https:\\\/\\\/coffeevenga.com\\\/urun\\\/filtre-kahve-kuba\\\/#breadcrumb\",\"itemListElement\":[{\"@type\":\"ListItem\",\"position\":1,\"name\":\"Ana sayfa\",\"item\":\"https:\\\/\\\/coffeevenga.com\\\/\"},{\"@type\":\"ListItem\",\"position\":2,\"name\":\"Online Ma\u011faza\",\"item\":\"https:\\\/\\\/coffeevenga.com\\\/magaza\\\/\"},{\"@type\":\"ListItem\",\"position\":3,\"name\":\"Filtre Kahve &#8211; K\u00fcba\"}]},{\"@type\":\"WebSite\",\"@id\":\"https:\\\/\\\/coffeevenga.com\\\/#website\",\"url\":\"https:\\\/\\\/coffeevenga.com\\\/\",\"name\":\"Coffee Venga\",\"description\":\"Coffee Venga\",\"publisher\":{\"@id\":\"https:\\\/\\\/coffeevenga.com\\\/#organization\"},\"potentialAction\":[{\"@type\":\"SearchAction\",\"target\":{\"@type\":\"EntryPoint\",\"urlTemplate\":\"https:\\\/\\\/coffeevenga.com\\\/?s={search_term_string}\"},\"query-input\":{\"@type\":\"PropertyValueSpecification\",\"valueRequired\":true,\"valueName\":\"search_term_string\"}}],\"inLanguage\":\"en-US\"},{\"@type\":\"Organization\",\"@id\":\"https:\\\/\\\/coffeevenga.com\\\/#organization\",\"name\":\"Coffee Venga\",\"url\":\"https:\\\/\\\/coffeevenga.com\\\/\",\"logo\":{\"@type\":\"ImageObject\",\"inLanguage\":\"en-US\",\"@id\":\"https:\\\/\\\/coffeevenga.com\\\/#\\\/schema\\\/logo\\\/image\\\/\",\"url\":\"https:\\\/\\\/i0.wp.com\\\/coffeevenga.com\\\/wp-content\\\/uploads\\\/2021\\\/01\\\/VENGA-LOGO2.png?fit=1251%2C430&ssl=1\",\"contentUrl\":\"https:\\\/\\\/i0.wp.com\\\/coffeevenga.com\\\/wp-content\\\/uploads\\\/2021\\\/01\\\/VENGA-LOGO2.png?fit=1251%2C430&ssl=1\",\"width\":1251,\"height\":430,\"caption\":\"Coffee Venga\"},\"image\":{\"@id\":\"https:\\\/\\\/coffeevenga.com\\\/#\\\/schema\\\/logo\\\/image\\\/\"},\"sameAs\":[\"https:\\\/\\\/www.facebook.com\\\/coffeevenga\",\"https:\\\/\\\/x.com\\\/coffeevenga\",\"https:\\\/\\\/www.instagram.com\\\/coffeevenga\\\/\"]}]}<\/script>\n<!-- \/ Yoast SEO plugin. -->","yoast_head_json":{"title":"Coffee Venga - Filtre Kahve - K\u00fcba","robots":{"index":"index","follow":"follow","max-snippet":"max-snippet:-1","max-image-preview":"max-image-preview:large","max-video-preview":"max-video-preview:-1"},"canonical":"https:\/\/coffeevenga.com\/urun\/filtre-kahve-kuba\/","og_locale":"en_US","og_type":"article","og_title":"Coffee Venga - Filtre Kahve - K\u00fcba","og_url":"https:\/\/coffeevenga.com\/urun\/filtre-kahve-kuba\/","og_site_name":"Coffee Venga","article_publisher":"https:\/\/www.facebook.com\/coffeevenga","article_modified_time":"2023-08-29T07:53:59+00:00","og_image":[{"width":721,"height":721,"url":"https:\/\/coffeevenga.com\/wp-content\/uploads\/2020\/09\/kuba.png","type":"image\/png"}],"twitter_card":"summary_large_image","twitter_site":"@coffeevenga","twitter_misc":{"Est. reading time":"1 minute"},"schema":{"@context":"https:\/\/schema.org","@graph":[{"@type":"WebPage","@id":"https:\/\/coffeevenga.com\/urun\/filtre-kahve-kuba\/","url":"https:\/\/coffeevenga.com\/urun\/filtre-kahve-kuba\/","name":"Coffee Venga - Filtre Kahve - K\u00fcba","isPartOf":{"@id":"https:\/\/coffeevenga.com\/#website"},"primaryImageOfPage":{"@id":"https:\/\/coffeevenga.com\/urun\/filtre-kahve-kuba\/#primaryimage"},"image":{"@id":"https:\/\/coffeevenga.com\/urun\/filtre-kahve-kuba\/#primaryimage"},"thumbnailUrl":"https:\/\/i0.wp.com\/coffeevenga.com\/wp-content\/uploads\/2020\/09\/kuba.png?fit=721%2C721&ssl=1","datePublished":"2020-09-23T18:33:47+00:00","dateModified":"2023-08-29T07:53:59+00:00","description":"Yeni nesil filtre kahve k\u00fcba topraklar\u0131ndan gelen m\u00fckemmel lezzet mutlaka deneyin.","breadcrumb":{"@id":"https:\/\/coffeevenga.com\/urun\/filtre-kahve-kuba\/#breadcrumb"},"inLanguage":"en-US","potentialAction":[{"@type":"ReadAction","target":["https:\/\/coffeevenga.com\/urun\/filtre-kahve-kuba\/"]}]},{"@type":"ImageObject","inLanguage":"en-US","@id":"https:\/\/coffeevenga.com\/urun\/filtre-kahve-kuba\/#primaryimage","url":"https:\/\/i0.wp.com\/coffeevenga.com\/wp-content\/uploads\/2020\/09\/kuba.png?fit=721%2C721&ssl=1","contentUrl":"https:\/\/i0.wp.com\/coffeevenga.com\/wp-content\/uploads\/2020\/09\/kuba.png?fit=721%2C721&ssl=1","width":721,"height":721,"caption":"filtrekahve k\u00fcba"},{"@type":"BreadcrumbList","@id":"https:\/\/coffeevenga.com\/urun\/filtre-kahve-kuba\/#breadcrumb","itemListElement":[{"@type":"ListItem","position":1,"name":"Ana sayfa","item":"https:\/\/coffeevenga.com\/"},{"@type":"ListItem","position":2,"name":"Online Ma\u011faza","item":"https:\/\/coffeevenga.com\/magaza\/"},{"@type":"ListItem","position":3,"name":"Filtre Kahve &#8211; K\u00fcba"}]},{"@type":"WebSite","@id":"https:\/\/coffeevenga.com\/#website","url":"https:\/\/coffeevenga.com\/","name":"Coffee Venga","description":"Coffee Venga","publisher":{"@id":"https:\/\/coffeevenga.com\/#organization"},"potentialAction":[{"@type":"SearchAction","target":{"@type":"EntryPoint","urlTemplate":"https:\/\/coffeevenga.com\/?s={search_term_string}"},"query-input":{"@type":"PropertyValueSpecification","valueRequired":true,"valueName":"search_term_string"}}],"inLanguage":"en-US"},{"@type":"Organization","@id":"https:\/\/coffeevenga.com\/#organization","name":"Coffee Venga","url":"https:\/\/coffeevenga.com\/","logo":{"@type":"ImageObject","inLanguage":"en-US","@id":"https:\/\/coffeevenga.com\/#\/schema\/logo\/image\/","url":"https:\/\/i0.wp.com\/coffeevenga.com\/wp-content\/uploads\/2021\/01\/VENGA-LOGO2.png?fit=1251%2C430&ssl=1","contentUrl":"https:\/\/i0.wp.com\/coffeevenga.com\/wp-content\/uploads\/2021\/01\/VENGA-LOGO2.png?fit=1251%2C430&ssl=1","width":1251,"height":430,"caption":"Coffee Venga"},"image":{"@id":"https:\/\/coffeevenga.com\/#\/schema\/logo\/image\/"},"sameAs":["https:\/\/www.facebook.com\/coffeevenga","https:\/\/x.com\/coffeevenga","https:\/\/www.instagram.com\/coffeevenga\/"]}]}},"jetpack_sharing_enabled":true,"_links":{"self":[{"href":"https:\/\/coffeevenga.com\/en\/wp-json\/wp\/v2\/product\/1060","targetHints":{"allow":["GET"]}}],"collection":[{"href":"https:\/\/coffeevenga.com\/en\/wp-json\/wp\/v2\/product"}],"about":[{"href":"https:\/\/coffeevenga.com\/en\/wp-json\/wp\/v2\/types\/product"}],"wp:featuredmedia":[{"embeddable":true,"href":"https:\/\/coffeevenga.com\/en\/wp-json\/wp\/v2\/media\/1172"}],"wp:attachment":[{"href":"https:\/\/coffeevenga.com\/en\/wp-json\/wp\/v2\/media?parent=1060"}],"wp:term":[{"taxonomy":"product_brand","embeddable":true,"href":"https:\/\/coffeevenga.com\/en\/wp-json\/wp\/v2\/product_brand?post=1060"},{"taxonomy":"product_cat","embeddable":true,"href":"https:\/\/coffeevenga.com\/en\/wp-json\/wp\/v2\/product_cat?post=1060"},{"taxonomy":"product_tag","embeddable":true,"href":"https:\/\/coffeevenga.com\/en\/wp-json\/wp\/v2\/product_tag?post=1060"}],"curies":[{"name":"wp","href":"https:\/\/api.w.org\/{rel}","templated":true}]}}