{"id":1210,"date":"2021-01-30T22:50:07","date_gmt":"2021-01-30T19:50:07","guid":{"rendered":"https:\/\/coffeevenga.com\/?post_type=product&#038;p=1210"},"modified":"2024-05-20T16:14:27","modified_gmt":"2024-05-20T13:14:27","slug":"filtre-kahve-peru-ecoforest-cajamarca","status":"publish","type":"product","link":"https:\/\/coffeevenga.com\/en\/urun\/filtre-kahve-peru-ecoforest-cajamarca\/","title":{"rendered":"Filtre Kahve &#8211; Peru Ecoforest Cajamarca"},"content":{"rendered":"<p><strong>Growing<\/strong> : 1200-1350 M.A.S.L<br \/>\n<strong>Crop<\/strong> : 19-20<br \/>\n<strong>Variety<\/strong> : Arabica<br \/>\n<strong>Aroma<\/strong> : Soft- Floral Aroma<br \/>\n<strong>Flavor<\/strong> : Caramel, Cinnamon, Cedar Note<br \/>\n<strong>Acidity<\/strong> : Cirtus Acidity<br \/>\n<strong>Body<\/strong> : Medium<br \/>\n<strong>Process<\/strong> : Washed<\/p>\n","protected":false},"excerpt":{"rendered":"<p>Growing : 1200-1350 M.A.S.L Crop : 19-20 Variety : Arabica Aroma : Soft- Floral Aroma Flavor : Caramel, Cinnamon, Cedar Note Acidity : Cirtus Acidity Body : Medium Process : Washed<\/p>\n","protected":false},"featured_media":1211,"template":"","meta":[],"product_brand":[],"product_cat":[86],"product_tag":[150,149,147,151,143],"class_list":{"0":"post-1210","1":"product","2":"type-product","3":"status-publish","4":"has-post-thumbnail","6":"product_cat-filtre-kahve","7":"product_tag-cajamarca","8":"product_tag-ecoforest","9":"product_tag-filtrekahve","10":"product_tag-peru","11":"product_tag-yeninesilkahve","13":"first","14":"outofstock","15":"sale","16":"featured","17":"shipping-taxable","18":"purchasable","19":"product-type-variable"},"translation":{"provider":"WPGlobus","version":"2.8.11","language":"en","enabled_languages":["tr","en"],"languages":{"tr":{"title":true,"content":true,"excerpt":false},"en":{"title":false,"content":false,"excerpt":false}}},"yoast_head":"<!-- This site is optimized with the Yoast SEO plugin v27.5 - https:\/\/yoast.com\/product\/yoast-seo-wordpress\/ -->\n<title>Coffee Venga - Filtre Kahve - Peru Ecoforest Cajamarca<\/title>\n<meta name=\"robots\" content=\"index, follow, max-snippet:-1, max-image-preview:large, max-video-preview:-1\" \/>\n<link rel=\"canonical\" href=\"https:\/\/coffeevenga.com\/urun\/filtre-kahve-peru-ecoforest-cajamarca\/\" \/>\n<meta property=\"og:locale\" content=\"en_US\" \/>\n<meta property=\"og:type\" content=\"article\" \/>\n<meta property=\"og:title\" content=\"Coffee Venga - Filtre Kahve - Peru Ecoforest Cajamarca\" \/>\n<meta property=\"og:url\" content=\"https:\/\/coffeevenga.com\/urun\/filtre-kahve-peru-ecoforest-cajamarca\/\" \/>\n<meta property=\"og:site_name\" content=\"Coffee Venga\" \/>\n<meta property=\"article:publisher\" content=\"https:\/\/www.facebook.com\/coffeevenga\" \/>\n<meta property=\"article:modified_time\" content=\"2024-05-20T13:14:27+00:00\" \/>\n<meta property=\"og:image\" content=\"https:\/\/coffeevenga.com\/wp-content\/uploads\/2021\/01\/peru.png\" \/>\n\t<meta property=\"og:image:width\" content=\"3000\" \/>\n\t<meta property=\"og:image:height\" content=\"3001\" \/>\n\t<meta property=\"og:image:type\" content=\"image\/png\" \/>\n<meta name=\"twitter:card\" content=\"summary_large_image\" \/>\n<meta name=\"twitter:site\" content=\"@coffeevenga\" \/>\n<meta name=\"twitter:label1\" content=\"Est. reading time\" \/>\n\t<meta name=\"twitter:data1\" content=\"1 minute\" \/>\n<script type=\"application\/ld+json\" class=\"yoast-schema-graph\">{\"@context\":\"https:\\\/\\\/schema.org\",\"@graph\":[{\"@type\":\"WebPage\",\"@id\":\"https:\\\/\\\/coffeevenga.com\\\/urun\\\/filtre-kahve-peru-ecoforest-cajamarca\\\/\",\"url\":\"https:\\\/\\\/coffeevenga.com\\\/urun\\\/filtre-kahve-peru-ecoforest-cajamarca\\\/\",\"name\":\"Coffee Venga - Filtre Kahve - Peru Ecoforest Cajamarca\",\"isPartOf\":{\"@id\":\"https:\\\/\\\/coffeevenga.com\\\/#website\"},\"primaryImageOfPage\":{\"@id\":\"https:\\\/\\\/coffeevenga.com\\\/urun\\\/filtre-kahve-peru-ecoforest-cajamarca\\\/#primaryimage\"},\"image\":{\"@id\":\"https:\\\/\\\/coffeevenga.com\\\/urun\\\/filtre-kahve-peru-ecoforest-cajamarca\\\/#primaryimage\"},\"thumbnailUrl\":\"https:\\\/\\\/i0.wp.com\\\/coffeevenga.com\\\/wp-content\\\/uploads\\\/2021\\\/01\\\/peru.png?fit=3000%2C3001&ssl=1\",\"datePublished\":\"2021-01-30T19:50:07+00:00\",\"dateModified\":\"2024-05-20T13:14:27+00:00\",\"description\":\"Da\u011f eteklerinde yeti\u015fen d\u00fc\u015f\u00fck asitli y\u00fcksek aromatik bir kahvedir. Hafif i\u00e7im i\u00e7enler i\u00e7in idealdir. Ecoforest Cajamarca\",\"breadcrumb\":{\"@id\":\"https:\\\/\\\/coffeevenga.com\\\/urun\\\/filtre-kahve-peru-ecoforest-cajamarca\\\/#breadcrumb\"},\"inLanguage\":\"en-US\",\"potentialAction\":[{\"@type\":\"ReadAction\",\"target\":[\"https:\\\/\\\/coffeevenga.com\\\/urun\\\/filtre-kahve-peru-ecoforest-cajamarca\\\/\"]}]},{\"@type\":\"ImageObject\",\"inLanguage\":\"en-US\",\"@id\":\"https:\\\/\\\/coffeevenga.com\\\/urun\\\/filtre-kahve-peru-ecoforest-cajamarca\\\/#primaryimage\",\"url\":\"https:\\\/\\\/i0.wp.com\\\/coffeevenga.com\\\/wp-content\\\/uploads\\\/2021\\\/01\\\/peru.png?fit=3000%2C3001&ssl=1\",\"contentUrl\":\"https:\\\/\\\/i0.wp.com\\\/coffeevenga.com\\\/wp-content\\\/uploads\\\/2021\\\/01\\\/peru.png?fit=3000%2C3001&ssl=1\",\"width\":3000,\"height\":3001,\"caption\":\"fltrekahve peru\"},{\"@type\":\"BreadcrumbList\",\"@id\":\"https:\\\/\\\/coffeevenga.com\\\/urun\\\/filtre-kahve-peru-ecoforest-cajamarca\\\/#breadcrumb\",\"itemListElement\":[{\"@type\":\"ListItem\",\"position\":1,\"name\":\"Ana sayfa\",\"item\":\"https:\\\/\\\/coffeevenga.com\\\/\"},{\"@type\":\"ListItem\",\"position\":2,\"name\":\"Online Ma\u011faza\",\"item\":\"https:\\\/\\\/coffeevenga.com\\\/magaza\\\/\"},{\"@type\":\"ListItem\",\"position\":3,\"name\":\"Filtre Kahve &#8211; Peru Ecoforest Cajamarca\"}]},{\"@type\":\"WebSite\",\"@id\":\"https:\\\/\\\/coffeevenga.com\\\/#website\",\"url\":\"https:\\\/\\\/coffeevenga.com\\\/\",\"name\":\"Coffee Venga\",\"description\":\"Coffee Venga\",\"publisher\":{\"@id\":\"https:\\\/\\\/coffeevenga.com\\\/#organization\"},\"potentialAction\":[{\"@type\":\"SearchAction\",\"target\":{\"@type\":\"EntryPoint\",\"urlTemplate\":\"https:\\\/\\\/coffeevenga.com\\\/?s={search_term_string}\"},\"query-input\":{\"@type\":\"PropertyValueSpecification\",\"valueRequired\":true,\"valueName\":\"search_term_string\"}}],\"inLanguage\":\"en-US\"},{\"@type\":\"Organization\",\"@id\":\"https:\\\/\\\/coffeevenga.com\\\/#organization\",\"name\":\"Coffee Venga\",\"url\":\"https:\\\/\\\/coffeevenga.com\\\/\",\"logo\":{\"@type\":\"ImageObject\",\"inLanguage\":\"en-US\",\"@id\":\"https:\\\/\\\/coffeevenga.com\\\/#\\\/schema\\\/logo\\\/image\\\/\",\"url\":\"https:\\\/\\\/i0.wp.com\\\/coffeevenga.com\\\/wp-content\\\/uploads\\\/2021\\\/01\\\/VENGA-LOGO2.png?fit=1251%2C430&ssl=1\",\"contentUrl\":\"https:\\\/\\\/i0.wp.com\\\/coffeevenga.com\\\/wp-content\\\/uploads\\\/2021\\\/01\\\/VENGA-LOGO2.png?fit=1251%2C430&ssl=1\",\"width\":1251,\"height\":430,\"caption\":\"Coffee Venga\"},\"image\":{\"@id\":\"https:\\\/\\\/coffeevenga.com\\\/#\\\/schema\\\/logo\\\/image\\\/\"},\"sameAs\":[\"https:\\\/\\\/www.facebook.com\\\/coffeevenga\",\"https:\\\/\\\/x.com\\\/coffeevenga\",\"https:\\\/\\\/www.instagram.com\\\/coffeevenga\\\/\"]}]}<\/script>\n<!-- \/ Yoast SEO plugin. -->","yoast_head_json":{"title":"Coffee Venga - Filtre Kahve - Peru Ecoforest Cajamarca","robots":{"index":"index","follow":"follow","max-snippet":"max-snippet:-1","max-image-preview":"max-image-preview:large","max-video-preview":"max-video-preview:-1"},"canonical":"https:\/\/coffeevenga.com\/urun\/filtre-kahve-peru-ecoforest-cajamarca\/","og_locale":"en_US","og_type":"article","og_title":"Coffee Venga - Filtre Kahve - Peru Ecoforest Cajamarca","og_url":"https:\/\/coffeevenga.com\/urun\/filtre-kahve-peru-ecoforest-cajamarca\/","og_site_name":"Coffee Venga","article_publisher":"https:\/\/www.facebook.com\/coffeevenga","article_modified_time":"2024-05-20T13:14:27+00:00","og_image":[{"width":3000,"height":3001,"url":"https:\/\/coffeevenga.com\/wp-content\/uploads\/2021\/01\/peru.png","type":"image\/png"}],"twitter_card":"summary_large_image","twitter_site":"@coffeevenga","twitter_misc":{"Est. reading time":"1 minute"},"schema":{"@context":"https:\/\/schema.org","@graph":[{"@type":"WebPage","@id":"https:\/\/coffeevenga.com\/urun\/filtre-kahve-peru-ecoforest-cajamarca\/","url":"https:\/\/coffeevenga.com\/urun\/filtre-kahve-peru-ecoforest-cajamarca\/","name":"Coffee Venga - Filtre Kahve - Peru Ecoforest Cajamarca","isPartOf":{"@id":"https:\/\/coffeevenga.com\/#website"},"primaryImageOfPage":{"@id":"https:\/\/coffeevenga.com\/urun\/filtre-kahve-peru-ecoforest-cajamarca\/#primaryimage"},"image":{"@id":"https:\/\/coffeevenga.com\/urun\/filtre-kahve-peru-ecoforest-cajamarca\/#primaryimage"},"thumbnailUrl":"https:\/\/i0.wp.com\/coffeevenga.com\/wp-content\/uploads\/2021\/01\/peru.png?fit=3000%2C3001&ssl=1","datePublished":"2021-01-30T19:50:07+00:00","dateModified":"2024-05-20T13:14:27+00:00","description":"Da\u011f eteklerinde yeti\u015fen d\u00fc\u015f\u00fck asitli y\u00fcksek aromatik bir kahvedir. Hafif i\u00e7im i\u00e7enler i\u00e7in idealdir. Ecoforest Cajamarca","breadcrumb":{"@id":"https:\/\/coffeevenga.com\/urun\/filtre-kahve-peru-ecoforest-cajamarca\/#breadcrumb"},"inLanguage":"en-US","potentialAction":[{"@type":"ReadAction","target":["https:\/\/coffeevenga.com\/urun\/filtre-kahve-peru-ecoforest-cajamarca\/"]}]},{"@type":"ImageObject","inLanguage":"en-US","@id":"https:\/\/coffeevenga.com\/urun\/filtre-kahve-peru-ecoforest-cajamarca\/#primaryimage","url":"https:\/\/i0.wp.com\/coffeevenga.com\/wp-content\/uploads\/2021\/01\/peru.png?fit=3000%2C3001&ssl=1","contentUrl":"https:\/\/i0.wp.com\/coffeevenga.com\/wp-content\/uploads\/2021\/01\/peru.png?fit=3000%2C3001&ssl=1","width":3000,"height":3001,"caption":"fltrekahve peru"},{"@type":"BreadcrumbList","@id":"https:\/\/coffeevenga.com\/urun\/filtre-kahve-peru-ecoforest-cajamarca\/#breadcrumb","itemListElement":[{"@type":"ListItem","position":1,"name":"Ana sayfa","item":"https:\/\/coffeevenga.com\/"},{"@type":"ListItem","position":2,"name":"Online Ma\u011faza","item":"https:\/\/coffeevenga.com\/magaza\/"},{"@type":"ListItem","position":3,"name":"Filtre Kahve &#8211; Peru Ecoforest Cajamarca"}]},{"@type":"WebSite","@id":"https:\/\/coffeevenga.com\/#website","url":"https:\/\/coffeevenga.com\/","name":"Coffee Venga","description":"Coffee Venga","publisher":{"@id":"https:\/\/coffeevenga.com\/#organization"},"potentialAction":[{"@type":"SearchAction","target":{"@type":"EntryPoint","urlTemplate":"https:\/\/coffeevenga.com\/?s={search_term_string}"},"query-input":{"@type":"PropertyValueSpecification","valueRequired":true,"valueName":"search_term_string"}}],"inLanguage":"en-US"},{"@type":"Organization","@id":"https:\/\/coffeevenga.com\/#organization","name":"Coffee Venga","url":"https:\/\/coffeevenga.com\/","logo":{"@type":"ImageObject","inLanguage":"en-US","@id":"https:\/\/coffeevenga.com\/#\/schema\/logo\/image\/","url":"https:\/\/i0.wp.com\/coffeevenga.com\/wp-content\/uploads\/2021\/01\/VENGA-LOGO2.png?fit=1251%2C430&ssl=1","contentUrl":"https:\/\/i0.wp.com\/coffeevenga.com\/wp-content\/uploads\/2021\/01\/VENGA-LOGO2.png?fit=1251%2C430&ssl=1","width":1251,"height":430,"caption":"Coffee Venga"},"image":{"@id":"https:\/\/coffeevenga.com\/#\/schema\/logo\/image\/"},"sameAs":["https:\/\/www.facebook.com\/coffeevenga","https:\/\/x.com\/coffeevenga","https:\/\/www.instagram.com\/coffeevenga\/"]}]}},"jetpack_sharing_enabled":true,"_links":{"self":[{"href":"https:\/\/coffeevenga.com\/en\/wp-json\/wp\/v2\/product\/1210","targetHints":{"allow":["GET"]}}],"collection":[{"href":"https:\/\/coffeevenga.com\/en\/wp-json\/wp\/v2\/product"}],"about":[{"href":"https:\/\/coffeevenga.com\/en\/wp-json\/wp\/v2\/types\/product"}],"wp:featuredmedia":[{"embeddable":true,"href":"https:\/\/coffeevenga.com\/en\/wp-json\/wp\/v2\/media\/1211"}],"wp:attachment":[{"href":"https:\/\/coffeevenga.com\/en\/wp-json\/wp\/v2\/media?parent=1210"}],"wp:term":[{"taxonomy":"product_brand","embeddable":true,"href":"https:\/\/coffeevenga.com\/en\/wp-json\/wp\/v2\/product_brand?post=1210"},{"taxonomy":"product_cat","embeddable":true,"href":"https:\/\/coffeevenga.com\/en\/wp-json\/wp\/v2\/product_cat?post=1210"},{"taxonomy":"product_tag","embeddable":true,"href":"https:\/\/coffeevenga.com\/en\/wp-json\/wp\/v2\/product_tag?post=1210"}],"curies":[{"name":"wp","href":"https:\/\/api.w.org\/{rel}","templated":true}]}}