{"id":1361,"date":"2021-02-08T08:23:08","date_gmt":"2021-02-08T05:23:08","guid":{"rendered":"https:\/\/coffeevenga.com\/?post_type=product&#038;p=1361"},"modified":"2024-07-22T21:35:43","modified_gmt":"2024-07-22T18:35:43","slug":"ekonomik-filtre-kahve","status":"publish","type":"product","link":"https:\/\/coffeevenga.com\/en\/urun\/ekonomik-filtre-kahve\/","title":{"rendered":"Ekonomik Filtre Kahve Paketi &#8211; Venga Eko Blend 1 kg"},"content":{"rendered":"<p><strong>Ekonomik Filtre Kahve Paketi &#8211; Venga Eko Blend 1 kg<\/strong><\/p>\n<p>Orta sertlikte filtre kahve sevenler i\u00e7in Brezilya ve Honduras kahve \u00e7ekirdeklerinin kar\u0131\u015f\u0131m\u0131ndan haz\u0131rlanm\u0131\u015f \u00f6zel \u00fcr\u00fcn\u00fcm\u00fcz\u00fc be\u011feninize sunar\u0131z.<\/p>\n<p>Tazeli\u011fini kaybetmemesi i\u00e7in 250 gr&#8217;l\u0131k 4 pakette haz\u0131rlanm\u0131\u015f toplam 1 kg&#8217;l\u0131k uygun fiyatl\u0131 teklifimizi ka\u00e7\u0131rmay\u0131n.<\/p>\n","protected":false},"excerpt":{"rendered":"<p>Ekonomik Filtre Kahve Paketi &#8211; Venga Eko Blend 1 kg Orta sertlikte filtre kahve sevenler i\u00e7in Brezilya ve Honduras kahve \u00e7ekirdeklerinin kar\u0131\u015f\u0131m\u0131ndan haz\u0131rlanm\u0131\u015f \u00f6zel \u00fcr\u00fcn\u00fcm\u00fcz\u00fc be\u011feninize sunar\u0131z. Tazeli\u011fini kaybetmemesi i\u00e7in 250 gr&#8217;l\u0131k 4 pakette haz\u0131rlanm\u0131\u015f toplam 1 kg&#8217;l\u0131k uygun fiyatl\u0131 teklifimizi ka\u00e7\u0131rmay\u0131n.<\/p>\n","protected":false},"featured_media":1362,"template":"","meta":[],"product_brand":[],"product_cat":[86,170],"product_tag":[172,171,147,173],"class_list":{"0":"post-1361","1":"product","2":"type-product","3":"status-publish","4":"has-post-thumbnail","6":"product_cat-filtre-kahve","7":"product_cat-firsat-urunleri","8":"product_tag-blend","9":"product_tag-ekofiltre","10":"product_tag-filtrekahve","11":"product_tag-karisim","13":"first","14":"outofstock","15":"featured","16":"shipping-taxable","17":"purchasable","18":"product-type-simple"},"translation":{"provider":"WPGlobus","version":"2.8.11","language":"en","enabled_languages":["tr","en"],"languages":{"tr":{"title":true,"content":true,"excerpt":false},"en":{"title":false,"content":false,"excerpt":false}}},"yoast_head":"<!-- This site is optimized with the Yoast SEO plugin v27.4 - https:\/\/yoast.com\/product\/yoast-seo-wordpress\/ -->\n<title>Coffee Venga - Ekonomik Filtre Kahve Paketi - Venga Eko Blend 1 kg<\/title>\n<meta name=\"robots\" content=\"index, follow, max-snippet:-1, max-image-preview:large, max-video-preview:-1\" \/>\n<link rel=\"canonical\" href=\"https:\/\/coffeevenga.com\/urun\/ekonomik-filtre-kahve\/\" \/>\n<meta property=\"og:locale\" content=\"en_US\" \/>\n<meta property=\"og:type\" content=\"article\" \/>\n<meta property=\"og:title\" content=\"Coffee Venga - Ekonomik Filtre Kahve Paketi - Venga Eko Blend 1 kg\" \/>\n<meta property=\"og:url\" content=\"https:\/\/coffeevenga.com\/urun\/ekonomik-filtre-kahve\/\" \/>\n<meta property=\"og:site_name\" content=\"Coffee Venga\" \/>\n<meta property=\"article:publisher\" content=\"https:\/\/www.facebook.com\/coffeevenga\" \/>\n<meta property=\"article:modified_time\" content=\"2024-07-22T18:35:43+00:00\" \/>\n<meta property=\"og:image\" content=\"https:\/\/coffeevenga.com\/wp-content\/uploads\/2021\/02\/blend-firsat-urun.jpg\" \/>\n\t<meta property=\"og:image:width\" content=\"1500\" \/>\n\t<meta property=\"og:image:height\" content=\"1500\" \/>\n\t<meta property=\"og:image:type\" content=\"image\/jpeg\" \/>\n<meta name=\"twitter:card\" content=\"summary_large_image\" \/>\n<meta name=\"twitter:site\" content=\"@coffeevenga\" \/>\n<meta name=\"twitter:label1\" content=\"Est. reading time\" \/>\n\t<meta name=\"twitter:data1\" content=\"1 minute\" \/>\n<script type=\"application\/ld+json\" class=\"yoast-schema-graph\">{\"@context\":\"https:\\\/\\\/schema.org\",\"@graph\":[{\"@type\":\"WebPage\",\"@id\":\"https:\\\/\\\/coffeevenga.com\\\/urun\\\/ekonomik-filtre-kahve\\\/\",\"url\":\"https:\\\/\\\/coffeevenga.com\\\/urun\\\/ekonomik-filtre-kahve\\\/\",\"name\":\"Coffee Venga - Ekonomik Filtre Kahve Paketi - Venga Eko Blend 1 kg\",\"isPartOf\":{\"@id\":\"https:\\\/\\\/coffeevenga.com\\\/#website\"},\"primaryImageOfPage\":{\"@id\":\"https:\\\/\\\/coffeevenga.com\\\/urun\\\/ekonomik-filtre-kahve\\\/#primaryimage\"},\"image\":{\"@id\":\"https:\\\/\\\/coffeevenga.com\\\/urun\\\/ekonomik-filtre-kahve\\\/#primaryimage\"},\"thumbnailUrl\":\"https:\\\/\\\/i0.wp.com\\\/coffeevenga.com\\\/wp-content\\\/uploads\\\/2021\\\/02\\\/blend-firsat-urun.jpg?fit=1500%2C1500&ssl=1\",\"datePublished\":\"2021-02-08T05:23:08+00:00\",\"dateModified\":\"2024-07-22T18:35:43+00:00\",\"description\":\"Orta sertlikte kahve sevenler i\u00e7in Brezilya ve Honduras kahve \u00e7ekirdeklerinin kar\u0131\u015f\u0131m\u0131ndan haz\u0131rlanm\u0131\u015f 1 kg'l\u0131k ekonomik filtre kahve paketi.\",\"breadcrumb\":{\"@id\":\"https:\\\/\\\/coffeevenga.com\\\/urun\\\/ekonomik-filtre-kahve\\\/#breadcrumb\"},\"inLanguage\":\"en-US\",\"potentialAction\":[{\"@type\":\"ReadAction\",\"target\":[\"https:\\\/\\\/coffeevenga.com\\\/urun\\\/ekonomik-filtre-kahve\\\/\"]}]},{\"@type\":\"ImageObject\",\"inLanguage\":\"en-US\",\"@id\":\"https:\\\/\\\/coffeevenga.com\\\/urun\\\/ekonomik-filtre-kahve\\\/#primaryimage\",\"url\":\"https:\\\/\\\/i0.wp.com\\\/coffeevenga.com\\\/wp-content\\\/uploads\\\/2021\\\/02\\\/blend-firsat-urun.jpg?fit=1500%2C1500&ssl=1\",\"contentUrl\":\"https:\\\/\\\/i0.wp.com\\\/coffeevenga.com\\\/wp-content\\\/uploads\\\/2021\\\/02\\\/blend-firsat-urun.jpg?fit=1500%2C1500&ssl=1\",\"width\":1500,\"height\":1500,\"caption\":\"ekofiltre -blend\"},{\"@type\":\"BreadcrumbList\",\"@id\":\"https:\\\/\\\/coffeevenga.com\\\/urun\\\/ekonomik-filtre-kahve\\\/#breadcrumb\",\"itemListElement\":[{\"@type\":\"ListItem\",\"position\":1,\"name\":\"Ana sayfa\",\"item\":\"https:\\\/\\\/coffeevenga.com\\\/\"},{\"@type\":\"ListItem\",\"position\":2,\"name\":\"Online Ma\u011faza\",\"item\":\"https:\\\/\\\/coffeevenga.com\\\/magaza\\\/\"},{\"@type\":\"ListItem\",\"position\":3,\"name\":\"Ekonomik Filtre Kahve Paketi &#8211; Venga Eko Blend 1 kg\"}]},{\"@type\":\"WebSite\",\"@id\":\"https:\\\/\\\/coffeevenga.com\\\/#website\",\"url\":\"https:\\\/\\\/coffeevenga.com\\\/\",\"name\":\"Coffee Venga\",\"description\":\"Coffee Venga\",\"publisher\":{\"@id\":\"https:\\\/\\\/coffeevenga.com\\\/#organization\"},\"potentialAction\":[{\"@type\":\"SearchAction\",\"target\":{\"@type\":\"EntryPoint\",\"urlTemplate\":\"https:\\\/\\\/coffeevenga.com\\\/?s={search_term_string}\"},\"query-input\":{\"@type\":\"PropertyValueSpecification\",\"valueRequired\":true,\"valueName\":\"search_term_string\"}}],\"inLanguage\":\"en-US\"},{\"@type\":\"Organization\",\"@id\":\"https:\\\/\\\/coffeevenga.com\\\/#organization\",\"name\":\"Coffee Venga\",\"url\":\"https:\\\/\\\/coffeevenga.com\\\/\",\"logo\":{\"@type\":\"ImageObject\",\"inLanguage\":\"en-US\",\"@id\":\"https:\\\/\\\/coffeevenga.com\\\/#\\\/schema\\\/logo\\\/image\\\/\",\"url\":\"https:\\\/\\\/i0.wp.com\\\/coffeevenga.com\\\/wp-content\\\/uploads\\\/2021\\\/01\\\/VENGA-LOGO2.png?fit=1251%2C430&ssl=1\",\"contentUrl\":\"https:\\\/\\\/i0.wp.com\\\/coffeevenga.com\\\/wp-content\\\/uploads\\\/2021\\\/01\\\/VENGA-LOGO2.png?fit=1251%2C430&ssl=1\",\"width\":1251,\"height\":430,\"caption\":\"Coffee Venga\"},\"image\":{\"@id\":\"https:\\\/\\\/coffeevenga.com\\\/#\\\/schema\\\/logo\\\/image\\\/\"},\"sameAs\":[\"https:\\\/\\\/www.facebook.com\\\/coffeevenga\",\"https:\\\/\\\/x.com\\\/coffeevenga\",\"https:\\\/\\\/www.instagram.com\\\/coffeevenga\\\/\"]}]}<\/script>\n<!-- \/ Yoast SEO plugin. -->","yoast_head_json":{"title":"Coffee Venga - Ekonomik Filtre Kahve Paketi - Venga Eko Blend 1 kg","robots":{"index":"index","follow":"follow","max-snippet":"max-snippet:-1","max-image-preview":"max-image-preview:large","max-video-preview":"max-video-preview:-1"},"canonical":"https:\/\/coffeevenga.com\/urun\/ekonomik-filtre-kahve\/","og_locale":"en_US","og_type":"article","og_title":"Coffee Venga - Ekonomik Filtre Kahve Paketi - Venga Eko Blend 1 kg","og_url":"https:\/\/coffeevenga.com\/urun\/ekonomik-filtre-kahve\/","og_site_name":"Coffee Venga","article_publisher":"https:\/\/www.facebook.com\/coffeevenga","article_modified_time":"2024-07-22T18:35:43+00:00","og_image":[{"width":1500,"height":1500,"url":"https:\/\/coffeevenga.com\/wp-content\/uploads\/2021\/02\/blend-firsat-urun.jpg","type":"image\/jpeg"}],"twitter_card":"summary_large_image","twitter_site":"@coffeevenga","twitter_misc":{"Est. reading time":"1 minute"},"schema":{"@context":"https:\/\/schema.org","@graph":[{"@type":"WebPage","@id":"https:\/\/coffeevenga.com\/urun\/ekonomik-filtre-kahve\/","url":"https:\/\/coffeevenga.com\/urun\/ekonomik-filtre-kahve\/","name":"Coffee Venga - Ekonomik Filtre Kahve Paketi - Venga Eko Blend 1 kg","isPartOf":{"@id":"https:\/\/coffeevenga.com\/#website"},"primaryImageOfPage":{"@id":"https:\/\/coffeevenga.com\/urun\/ekonomik-filtre-kahve\/#primaryimage"},"image":{"@id":"https:\/\/coffeevenga.com\/urun\/ekonomik-filtre-kahve\/#primaryimage"},"thumbnailUrl":"https:\/\/i0.wp.com\/coffeevenga.com\/wp-content\/uploads\/2021\/02\/blend-firsat-urun.jpg?fit=1500%2C1500&ssl=1","datePublished":"2021-02-08T05:23:08+00:00","dateModified":"2024-07-22T18:35:43+00:00","description":"Orta sertlikte kahve sevenler i\u00e7in Brezilya ve Honduras kahve \u00e7ekirdeklerinin kar\u0131\u015f\u0131m\u0131ndan haz\u0131rlanm\u0131\u015f 1 kg'l\u0131k ekonomik filtre kahve paketi.","breadcrumb":{"@id":"https:\/\/coffeevenga.com\/urun\/ekonomik-filtre-kahve\/#breadcrumb"},"inLanguage":"en-US","potentialAction":[{"@type":"ReadAction","target":["https:\/\/coffeevenga.com\/urun\/ekonomik-filtre-kahve\/"]}]},{"@type":"ImageObject","inLanguage":"en-US","@id":"https:\/\/coffeevenga.com\/urun\/ekonomik-filtre-kahve\/#primaryimage","url":"https:\/\/i0.wp.com\/coffeevenga.com\/wp-content\/uploads\/2021\/02\/blend-firsat-urun.jpg?fit=1500%2C1500&ssl=1","contentUrl":"https:\/\/i0.wp.com\/coffeevenga.com\/wp-content\/uploads\/2021\/02\/blend-firsat-urun.jpg?fit=1500%2C1500&ssl=1","width":1500,"height":1500,"caption":"ekofiltre -blend"},{"@type":"BreadcrumbList","@id":"https:\/\/coffeevenga.com\/urun\/ekonomik-filtre-kahve\/#breadcrumb","itemListElement":[{"@type":"ListItem","position":1,"name":"Ana sayfa","item":"https:\/\/coffeevenga.com\/"},{"@type":"ListItem","position":2,"name":"Online Ma\u011faza","item":"https:\/\/coffeevenga.com\/magaza\/"},{"@type":"ListItem","position":3,"name":"Ekonomik Filtre Kahve Paketi &#8211; Venga Eko Blend 1 kg"}]},{"@type":"WebSite","@id":"https:\/\/coffeevenga.com\/#website","url":"https:\/\/coffeevenga.com\/","name":"Coffee Venga","description":"Coffee Venga","publisher":{"@id":"https:\/\/coffeevenga.com\/#organization"},"potentialAction":[{"@type":"SearchAction","target":{"@type":"EntryPoint","urlTemplate":"https:\/\/coffeevenga.com\/?s={search_term_string}"},"query-input":{"@type":"PropertyValueSpecification","valueRequired":true,"valueName":"search_term_string"}}],"inLanguage":"en-US"},{"@type":"Organization","@id":"https:\/\/coffeevenga.com\/#organization","name":"Coffee Venga","url":"https:\/\/coffeevenga.com\/","logo":{"@type":"ImageObject","inLanguage":"en-US","@id":"https:\/\/coffeevenga.com\/#\/schema\/logo\/image\/","url":"https:\/\/i0.wp.com\/coffeevenga.com\/wp-content\/uploads\/2021\/01\/VENGA-LOGO2.png?fit=1251%2C430&ssl=1","contentUrl":"https:\/\/i0.wp.com\/coffeevenga.com\/wp-content\/uploads\/2021\/01\/VENGA-LOGO2.png?fit=1251%2C430&ssl=1","width":1251,"height":430,"caption":"Coffee Venga"},"image":{"@id":"https:\/\/coffeevenga.com\/#\/schema\/logo\/image\/"},"sameAs":["https:\/\/www.facebook.com\/coffeevenga","https:\/\/x.com\/coffeevenga","https:\/\/www.instagram.com\/coffeevenga\/"]}]}},"jetpack_sharing_enabled":true,"_links":{"self":[{"href":"https:\/\/coffeevenga.com\/en\/wp-json\/wp\/v2\/product\/1361","targetHints":{"allow":["GET"]}}],"collection":[{"href":"https:\/\/coffeevenga.com\/en\/wp-json\/wp\/v2\/product"}],"about":[{"href":"https:\/\/coffeevenga.com\/en\/wp-json\/wp\/v2\/types\/product"}],"wp:featuredmedia":[{"embeddable":true,"href":"https:\/\/coffeevenga.com\/en\/wp-json\/wp\/v2\/media\/1362"}],"wp:attachment":[{"href":"https:\/\/coffeevenga.com\/en\/wp-json\/wp\/v2\/media?parent=1361"}],"wp:term":[{"taxonomy":"product_brand","embeddable":true,"href":"https:\/\/coffeevenga.com\/en\/wp-json\/wp\/v2\/product_brand?post=1361"},{"taxonomy":"product_cat","embeddable":true,"href":"https:\/\/coffeevenga.com\/en\/wp-json\/wp\/v2\/product_cat?post=1361"},{"taxonomy":"product_tag","embeddable":true,"href":"https:\/\/coffeevenga.com\/en\/wp-json\/wp\/v2\/product_tag?post=1361"}],"curies":[{"name":"wp","href":"https:\/\/api.w.org\/{rel}","templated":true}]}}