{"id":1683,"date":"2022-05-26T22:25:22","date_gmt":"2022-05-26T19:25:22","guid":{"rendered":"https:\/\/coffeevenga.com\/?post_type=product&#038;p=1683"},"modified":"2024-05-20T16:10:16","modified_gmt":"2024-05-20T13:10:16","slug":"seramik-dripper","status":"publish","type":"product","link":"https:\/\/coffeevenga.com\/en\/urun\/seramik-dripper\/","title":{"rendered":"Seramik Kahve Demli\u011fi, Dripper"},"content":{"rendered":"<h4><strong>\u00dcr\u00fcn Hakk\u0131nda ;<\/strong><\/h4>\n<h5>&#8211; \u00dc\u00e7\u00fcnc\u00fc nesil kahve demleme \u00fcr\u00fcnlerinden biri olan seramik kahve demleyici dripper \u00fcr\u00fcn\u00fcm\u00fcz, tad\u0131na hayran kalaca\u011f\u0131n\u0131z bir kahve deneyimi sizlere ya\u015fatmaktad\u0131r. \u00d6zel demleme filtresini kullanarak kendiniz veya sevdikleriniz ile birlikte g\u00fczel kahvelerin tad\u0131na varabilirsiniz.<\/h5>\n<h5>&#8211; Bula\u015f\u0131k makinesinde y\u0131kanabilir.<\/h5>\n<h5>&#8211; Pahal\u0131 makineler kullanmadan lezzetli ve aromal\u0131 kahvenizi yapabilirsiniz.<\/h5>\n<h5>&#8211; Su ak\u0131\u015f\u0131n\u0131, zamanlamas\u0131n\u0131, s\u0131cakl\u0131\u011f\u0131n\u0131 kontrol edip kahvenizi aromaland\u0131r\u0131n.<\/h5>\n<h5>&#8211; No:2 ka\u011f\u0131t filtreye uygundur.<\/h5>\n","protected":false},"excerpt":{"rendered":"<p>\u00dcr\u00fcn Hakk\u0131nda ; &#8211; \u00dc\u00e7\u00fcnc\u00fc nesil kahve demleme \u00fcr\u00fcnlerinden biri olan seramik kahve demleyici dripper \u00fcr\u00fcn\u00fcm\u00fcz, tad\u0131na hayran kalaca\u011f\u0131n\u0131z bir kahve deneyimi sizlere ya\u015fatmaktad\u0131r. \u00d6zel demleme filtresini kullanarak kendiniz veya sevdikleriniz ile birlikte g\u00fczel kahvelerin tad\u0131na varabilirsiniz. &#8211; Bula\u015f\u0131k makinesinde y\u0131kanabilir. &#8211; Pahal\u0131 makineler kullanmadan lezzetli ve aromal\u0131 kahvenizi yapabilirsiniz. &#8211; Su ak\u0131\u015f\u0131n\u0131, zamanlamas\u0131n\u0131, s\u0131cakl\u0131\u011f\u0131n\u0131 [&#8230;]\n","protected":false},"featured_media":1317,"template":"","meta":[],"product_brand":[],"product_cat":[200,130],"product_tag":[],"class_list":{"0":"post-1683","1":"product","2":"type-product","3":"status-publish","4":"has-post-thumbnail","6":"product_cat-kahve-demligi","7":"product_cat-kahve-aksesuarlari","9":"first","10":"outofstock","11":"shipping-taxable","12":"purchasable","13":"product-type-variable","14":"has-default-attributes"},"translation":{"provider":"WPGlobus","version":"2.8.11","language":"en","enabled_languages":["tr","en"],"languages":{"tr":{"title":true,"content":true,"excerpt":false},"en":{"title":false,"content":false,"excerpt":false}}},"yoast_head":"<!-- This site is optimized with the Yoast SEO plugin v27.6 - https:\/\/yoast.com\/product\/yoast-seo-wordpress\/ -->\n<title>Coffee Venga - Seramik Kahve Demli\u011fi, Dripper<\/title>\n<meta name=\"robots\" content=\"index, follow, max-snippet:-1, max-image-preview:large, max-video-preview:-1\" \/>\n<link rel=\"canonical\" href=\"https:\/\/coffeevenga.com\/urun\/seramik-dripper\/\" \/>\n<meta property=\"og:locale\" content=\"en_US\" \/>\n<meta property=\"og:type\" content=\"article\" \/>\n<meta property=\"og:title\" content=\"Coffee Venga - Seramik Kahve Demli\u011fi, Dripper\" \/>\n<meta property=\"og:url\" content=\"https:\/\/coffeevenga.com\/urun\/seramik-dripper\/\" \/>\n<meta property=\"og:site_name\" content=\"Coffee Venga\" \/>\n<meta property=\"article:publisher\" content=\"https:\/\/www.facebook.com\/coffeevenga\" \/>\n<meta property=\"article:modified_time\" content=\"2024-05-20T13:10:16+00:00\" \/>\n<meta property=\"og:image\" content=\"https:\/\/coffeevenga.com\/wp-content\/uploads\/2021\/02\/seramik-demleme-kirmizi-fsk-2-36-5-seramik-demlemeler-epinox-7570-23-B.jpg\" \/>\n\t<meta property=\"og:image:width\" content=\"900\" \/>\n\t<meta property=\"og:image:height\" content=\"900\" \/>\n\t<meta property=\"og:image:type\" content=\"image\/jpeg\" \/>\n<meta name=\"twitter:card\" content=\"summary_large_image\" \/>\n<meta name=\"twitter:site\" content=\"@coffeevenga\" \/>\n<meta name=\"twitter:label1\" content=\"Est. reading time\" \/>\n\t<meta name=\"twitter:data1\" content=\"1 minute\" \/>\n<script type=\"application\/ld+json\" class=\"yoast-schema-graph\">{\"@context\":\"https:\\\/\\\/schema.org\",\"@graph\":[{\"@type\":\"WebPage\",\"@id\":\"https:\\\/\\\/coffeevenga.com\\\/urun\\\/seramik-dripper\\\/\",\"url\":\"https:\\\/\\\/coffeevenga.com\\\/urun\\\/seramik-dripper\\\/\",\"name\":\"Coffee Venga - Seramik Kahve Demli\u011fi, Dripper\",\"isPartOf\":{\"@id\":\"https:\\\/\\\/coffeevenga.com\\\/#website\"},\"primaryImageOfPage\":{\"@id\":\"https:\\\/\\\/coffeevenga.com\\\/urun\\\/seramik-dripper\\\/#primaryimage\"},\"image\":{\"@id\":\"https:\\\/\\\/coffeevenga.com\\\/urun\\\/seramik-dripper\\\/#primaryimage\"},\"thumbnailUrl\":\"https:\\\/\\\/i0.wp.com\\\/coffeevenga.com\\\/wp-content\\\/uploads\\\/2021\\\/02\\\/seramik-demleme-kirmizi-fsk-2-36-5-seramik-demlemeler-epinox-7570-23-B.jpg?fit=900%2C900&ssl=1\",\"datePublished\":\"2022-05-26T19:25:22+00:00\",\"dateModified\":\"2024-05-20T13:10:16+00:00\",\"description\":\"Farkl\u0131 kahve demleme \u015fekilleri ile sizlerleyiz\",\"breadcrumb\":{\"@id\":\"https:\\\/\\\/coffeevenga.com\\\/urun\\\/seramik-dripper\\\/#breadcrumb\"},\"inLanguage\":\"en-US\",\"potentialAction\":[{\"@type\":\"ReadAction\",\"target\":[\"https:\\\/\\\/coffeevenga.com\\\/urun\\\/seramik-dripper\\\/\"]}]},{\"@type\":\"ImageObject\",\"inLanguage\":\"en-US\",\"@id\":\"https:\\\/\\\/coffeevenga.com\\\/urun\\\/seramik-dripper\\\/#primaryimage\",\"url\":\"https:\\\/\\\/i0.wp.com\\\/coffeevenga.com\\\/wp-content\\\/uploads\\\/2021\\\/02\\\/seramik-demleme-kirmizi-fsk-2-36-5-seramik-demlemeler-epinox-7570-23-B.jpg?fit=900%2C900&ssl=1\",\"contentUrl\":\"https:\\\/\\\/i0.wp.com\\\/coffeevenga.com\\\/wp-content\\\/uploads\\\/2021\\\/02\\\/seramik-demleme-kirmizi-fsk-2-36-5-seramik-demlemeler-epinox-7570-23-B.jpg?fit=900%2C900&ssl=1\",\"width\":900,\"height\":900,\"caption\":\"seramik-demleme-kirmizi-fsk-2-36-5-seramik-demlemeler-epinox-7570-23-B\"},{\"@type\":\"BreadcrumbList\",\"@id\":\"https:\\\/\\\/coffeevenga.com\\\/urun\\\/seramik-dripper\\\/#breadcrumb\",\"itemListElement\":[{\"@type\":\"ListItem\",\"position\":1,\"name\":\"Ana sayfa\",\"item\":\"https:\\\/\\\/coffeevenga.com\\\/\"},{\"@type\":\"ListItem\",\"position\":2,\"name\":\"Online Ma\u011faza\",\"item\":\"https:\\\/\\\/coffeevenga.com\\\/magaza\\\/\"},{\"@type\":\"ListItem\",\"position\":3,\"name\":\"Seramik Kahve Demli\u011fi, Dripper\"}]},{\"@type\":\"WebSite\",\"@id\":\"https:\\\/\\\/coffeevenga.com\\\/#website\",\"url\":\"https:\\\/\\\/coffeevenga.com\\\/\",\"name\":\"Coffee Venga\",\"description\":\"Coffee Venga\",\"publisher\":{\"@id\":\"https:\\\/\\\/coffeevenga.com\\\/#organization\"},\"potentialAction\":[{\"@type\":\"SearchAction\",\"target\":{\"@type\":\"EntryPoint\",\"urlTemplate\":\"https:\\\/\\\/coffeevenga.com\\\/?s={search_term_string}\"},\"query-input\":{\"@type\":\"PropertyValueSpecification\",\"valueRequired\":true,\"valueName\":\"search_term_string\"}}],\"inLanguage\":\"en-US\"},{\"@type\":\"Organization\",\"@id\":\"https:\\\/\\\/coffeevenga.com\\\/#organization\",\"name\":\"Coffee Venga\",\"url\":\"https:\\\/\\\/coffeevenga.com\\\/\",\"logo\":{\"@type\":\"ImageObject\",\"inLanguage\":\"en-US\",\"@id\":\"https:\\\/\\\/coffeevenga.com\\\/#\\\/schema\\\/logo\\\/image\\\/\",\"url\":\"https:\\\/\\\/i0.wp.com\\\/coffeevenga.com\\\/wp-content\\\/uploads\\\/2021\\\/01\\\/VENGA-LOGO2.png?fit=1251%2C430&ssl=1\",\"contentUrl\":\"https:\\\/\\\/i0.wp.com\\\/coffeevenga.com\\\/wp-content\\\/uploads\\\/2021\\\/01\\\/VENGA-LOGO2.png?fit=1251%2C430&ssl=1\",\"width\":1251,\"height\":430,\"caption\":\"Coffee Venga\"},\"image\":{\"@id\":\"https:\\\/\\\/coffeevenga.com\\\/#\\\/schema\\\/logo\\\/image\\\/\"},\"sameAs\":[\"https:\\\/\\\/www.facebook.com\\\/coffeevenga\",\"https:\\\/\\\/x.com\\\/coffeevenga\",\"https:\\\/\\\/www.instagram.com\\\/coffeevenga\\\/\"]}]}<\/script>\n<!-- \/ Yoast SEO plugin. -->","yoast_head_json":{"title":"Coffee Venga - Seramik Kahve Demli\u011fi, Dripper","robots":{"index":"index","follow":"follow","max-snippet":"max-snippet:-1","max-image-preview":"max-image-preview:large","max-video-preview":"max-video-preview:-1"},"canonical":"https:\/\/coffeevenga.com\/urun\/seramik-dripper\/","og_locale":"en_US","og_type":"article","og_title":"Coffee Venga - Seramik Kahve Demli\u011fi, Dripper","og_url":"https:\/\/coffeevenga.com\/urun\/seramik-dripper\/","og_site_name":"Coffee Venga","article_publisher":"https:\/\/www.facebook.com\/coffeevenga","article_modified_time":"2024-05-20T13:10:16+00:00","og_image":[{"width":900,"height":900,"url":"https:\/\/coffeevenga.com\/wp-content\/uploads\/2021\/02\/seramik-demleme-kirmizi-fsk-2-36-5-seramik-demlemeler-epinox-7570-23-B.jpg","type":"image\/jpeg"}],"twitter_card":"summary_large_image","twitter_site":"@coffeevenga","twitter_misc":{"Est. reading time":"1 minute"},"schema":{"@context":"https:\/\/schema.org","@graph":[{"@type":"WebPage","@id":"https:\/\/coffeevenga.com\/urun\/seramik-dripper\/","url":"https:\/\/coffeevenga.com\/urun\/seramik-dripper\/","name":"Coffee Venga - Seramik Kahve Demli\u011fi, Dripper","isPartOf":{"@id":"https:\/\/coffeevenga.com\/#website"},"primaryImageOfPage":{"@id":"https:\/\/coffeevenga.com\/urun\/seramik-dripper\/#primaryimage"},"image":{"@id":"https:\/\/coffeevenga.com\/urun\/seramik-dripper\/#primaryimage"},"thumbnailUrl":"https:\/\/i0.wp.com\/coffeevenga.com\/wp-content\/uploads\/2021\/02\/seramik-demleme-kirmizi-fsk-2-36-5-seramik-demlemeler-epinox-7570-23-B.jpg?fit=900%2C900&ssl=1","datePublished":"2022-05-26T19:25:22+00:00","dateModified":"2024-05-20T13:10:16+00:00","description":"Farkl\u0131 kahve demleme \u015fekilleri ile sizlerleyiz","breadcrumb":{"@id":"https:\/\/coffeevenga.com\/urun\/seramik-dripper\/#breadcrumb"},"inLanguage":"en-US","potentialAction":[{"@type":"ReadAction","target":["https:\/\/coffeevenga.com\/urun\/seramik-dripper\/"]}]},{"@type":"ImageObject","inLanguage":"en-US","@id":"https:\/\/coffeevenga.com\/urun\/seramik-dripper\/#primaryimage","url":"https:\/\/i0.wp.com\/coffeevenga.com\/wp-content\/uploads\/2021\/02\/seramik-demleme-kirmizi-fsk-2-36-5-seramik-demlemeler-epinox-7570-23-B.jpg?fit=900%2C900&ssl=1","contentUrl":"https:\/\/i0.wp.com\/coffeevenga.com\/wp-content\/uploads\/2021\/02\/seramik-demleme-kirmizi-fsk-2-36-5-seramik-demlemeler-epinox-7570-23-B.jpg?fit=900%2C900&ssl=1","width":900,"height":900,"caption":"seramik-demleme-kirmizi-fsk-2-36-5-seramik-demlemeler-epinox-7570-23-B"},{"@type":"BreadcrumbList","@id":"https:\/\/coffeevenga.com\/urun\/seramik-dripper\/#breadcrumb","itemListElement":[{"@type":"ListItem","position":1,"name":"Ana sayfa","item":"https:\/\/coffeevenga.com\/"},{"@type":"ListItem","position":2,"name":"Online Ma\u011faza","item":"https:\/\/coffeevenga.com\/magaza\/"},{"@type":"ListItem","position":3,"name":"Seramik Kahve Demli\u011fi, Dripper"}]},{"@type":"WebSite","@id":"https:\/\/coffeevenga.com\/#website","url":"https:\/\/coffeevenga.com\/","name":"Coffee Venga","description":"Coffee Venga","publisher":{"@id":"https:\/\/coffeevenga.com\/#organization"},"potentialAction":[{"@type":"SearchAction","target":{"@type":"EntryPoint","urlTemplate":"https:\/\/coffeevenga.com\/?s={search_term_string}"},"query-input":{"@type":"PropertyValueSpecification","valueRequired":true,"valueName":"search_term_string"}}],"inLanguage":"en-US"},{"@type":"Organization","@id":"https:\/\/coffeevenga.com\/#organization","name":"Coffee Venga","url":"https:\/\/coffeevenga.com\/","logo":{"@type":"ImageObject","inLanguage":"en-US","@id":"https:\/\/coffeevenga.com\/#\/schema\/logo\/image\/","url":"https:\/\/i0.wp.com\/coffeevenga.com\/wp-content\/uploads\/2021\/01\/VENGA-LOGO2.png?fit=1251%2C430&ssl=1","contentUrl":"https:\/\/i0.wp.com\/coffeevenga.com\/wp-content\/uploads\/2021\/01\/VENGA-LOGO2.png?fit=1251%2C430&ssl=1","width":1251,"height":430,"caption":"Coffee Venga"},"image":{"@id":"https:\/\/coffeevenga.com\/#\/schema\/logo\/image\/"},"sameAs":["https:\/\/www.facebook.com\/coffeevenga","https:\/\/x.com\/coffeevenga","https:\/\/www.instagram.com\/coffeevenga\/"]}]}},"jetpack_sharing_enabled":true,"_links":{"self":[{"href":"https:\/\/coffeevenga.com\/en\/wp-json\/wp\/v2\/product\/1683","targetHints":{"allow":["GET"]}}],"collection":[{"href":"https:\/\/coffeevenga.com\/en\/wp-json\/wp\/v2\/product"}],"about":[{"href":"https:\/\/coffeevenga.com\/en\/wp-json\/wp\/v2\/types\/product"}],"wp:featuredmedia":[{"embeddable":true,"href":"https:\/\/coffeevenga.com\/en\/wp-json\/wp\/v2\/media\/1317"}],"wp:attachment":[{"href":"https:\/\/coffeevenga.com\/en\/wp-json\/wp\/v2\/media?parent=1683"}],"wp:term":[{"taxonomy":"product_brand","embeddable":true,"href":"https:\/\/coffeevenga.com\/en\/wp-json\/wp\/v2\/product_brand?post=1683"},{"taxonomy":"product_cat","embeddable":true,"href":"https:\/\/coffeevenga.com\/en\/wp-json\/wp\/v2\/product_cat?post=1683"},{"taxonomy":"product_tag","embeddable":true,"href":"https:\/\/coffeevenga.com\/en\/wp-json\/wp\/v2\/product_tag?post=1683"}],"curies":[{"name":"wp","href":"https:\/\/api.w.org\/{rel}","templated":true}]}}